{"id":2131,"date":"2021-02-04T22:24:14","date_gmt":"2021-02-04T20:24:14","guid":{"rendered":"https:\/\/www.simpleprofit.it\/services\/"},"modified":"2023-02-07T12:39:24","modified_gmt":"2023-02-07T10:39:24","slug":"services","status":"publish","type":"page","link":"https:\/\/www.simpleprofit.it\/hr\/services\/","title":{"rendered":"Services"},"content":{"rendered":"\t\t<div data-elementor-type=\"wp-page\" data-elementor-id=\"2131\" class=\"elementor elementor-2131 elementor-138\">\n\t\t\t\t\t\t<section class=\"elementor-section elementor-top-section elementor-element elementor-element-fdbe98e top-text elementor-section-full_width elementor-section-height-default elementor-section-height-default\" data-id=\"fdbe98e\" data-element_type=\"section\">\n\t\t\t\t\t\t<div class=\"elementor-container elementor-column-gap-default\">\n\t\t\t\t\t<div class=\"elementor-column elementor-col-100 elementor-top-column elementor-element elementor-element-dccbf41\" data-id=\"dccbf41\" data-element_type=\"column\">\n\t\t\t<div class=\"elementor-widget-wrap elementor-element-populated\">\n\t\t\t\t\t\t<div class=\"elementor-element elementor-element-243dc18 elementor-widget elementor-widget-text-editor\" data-id=\"243dc18\" data-element_type=\"widget\" data-widget_type=\"text-editor.default\">\n\t\t\t\t<div class=\"elementor-widget-container\">\n\t\t\t\t\t\t\t\t\t<p>\u0160iroka paleta\u00a0usluga Simple Profita mo\u017ee se uskladiti i prilagoditi specifi\u010dnim potrebama va\u0161eg hotela i poslovanja.<\/p>\t\t\t\t\t\t\t\t<\/div>\n\t\t\t\t<\/div>\n\t\t\t\t<div class=\"elementor-element elementor-element-9b3eb28 elementor-widget elementor-widget-eael-fancy-text\" data-id=\"9b3eb28\" data-element_type=\"widget\" data-widget_type=\"eael-fancy-text.default\">\n\t\t\t\t<div class=\"elementor-widget-container\">\n\t\t\t\t\t\n\t<div  class=\"eael-fancy-text-container style-1\" data-fancy-text-id=\"9b3eb28\" data-fancy-text=\"|profit|stopu zadr\u017eavanja gostiju|efikasnost|Google pozicioniranje|promet web stranice\" data-fancy-text-transition-type=\"typing\" data-fancy-text-speed=\"50\" data-fancy-text-delay=\"2500\" data-fancy-text-cursor=\"yes\" data-fancy-text-loop=\"yes\" data-fancy-text-action=\"page_load\" >\n\t\t\t\t\t<span class=\"eael-fancy-text-prefix\">Pove\u0107ajte <\/span>\n\t\t\n\t\t\n\t\t\t\t\t<span id=\"eael-fancy-text-9b3eb28\" class=\"eael-fancy-text-strings solid-color\">\n\t\t\t\t<noscript>\n\t\t\t\t\tprofit, stopu zadr\u017eavanja gostiju, efikasnost, Google pozicioniranje, promet web stranice\t\t\t\t<\/noscript>\n\t\t\t<\/span>\n\t\t\n\t\t\t<\/div><!-- close .eael-fancy-text-container -->\n\n\t<div class=\"clearfix\"><\/div>\n\n\t\t\t\t\t<\/div>\n\t\t\t\t<\/div>\n\t\t\t\t\t<\/div>\n\t\t<\/div>\n\t\t\t\t\t<\/div>\n\t\t<\/section>\n\t\t\t\t<section class=\"elementor-section elementor-top-section elementor-element elementor-element-a1f4d47 service-icons elementor-section-full_width elementor-section-height-default elementor-section-height-default\" data-id=\"a1f4d47\" data-element_type=\"section\">\n\t\t\t\t\t\t<div class=\"elementor-container elementor-column-gap-default\">\n\t\t\t\t\t<div class=\"elementor-column elementor-col-50 elementor-top-column elementor-element elementor-element-262caf2\" data-id=\"262caf2\" data-element_type=\"column\">\n\t\t\t<div class=\"elementor-widget-wrap elementor-element-populated\">\n\t\t\t\t\t\t<div class=\"elementor-element elementor-element-176c9c3 elementor-position-left elementor-vertical-align-top elementor-widget elementor-widget-image-box\" data-id=\"176c9c3\" data-element_type=\"widget\" data-widget_type=\"image-box.default\">\n\t\t\t\t<div class=\"elementor-widget-container\">\n\t\t\t\t\t<div class=\"elementor-image-box-wrapper\"><figure class=\"elementor-image-box-img\"><img decoding=\"async\" src=\"https:\/\/www.simpleprofit.it\/wp-content\/uploads\/2021\/02\/invalid-name-4.svg\" class=\"attachment-full size-full wp-image-99\" alt=\"\" \/><\/figure><div class=\"elementor-image-box-content\"><h3 class=\"elementor-image-box-title\">Booking Engine<\/h3><p class=\"elementor-image-box-description\">Pove\u0107ajte stopu konverzije s najsuvremenijim su\u010deljem za rezervacije kojeg je razvio Simple Booking, a kojeg koristi vi\u0161e od 4000 hotela diljem svijeta. Moderan, brz i jednostavan za kori\u0161tenje, na\u0161 mehanizam za rezervacije kompatibilan je sa svim stolnim i mobilnim ure\u0111ajima. Pru\u017ea informacije o dostupnosti hotelske sobe u realnom vremenu, kao i posebnih ponuda i paketa za poticanje dodatne kupnje, zajedno s geo-lokaliziranom ponudom, naprednim sustavom za popuste i vi\u0161e od toga.<br \/>\n<a href=\"https:\/\/www.simpleprofit.it\/hr\/services\/simple-booking\/\">Saznaj vi\u0161e <\/a><\/p><\/div><\/div>\t\t\t\t<\/div>\n\t\t\t\t<\/div>\n\t\t\t\t<div class=\"elementor-element elementor-element-0f16a48 elementor-position-left elementor-vertical-align-top elementor-widget elementor-widget-image-box\" data-id=\"0f16a48\" data-element_type=\"widget\" id=\"sem\" data-widget_type=\"image-box.default\">\n\t\t\t\t<div class=\"elementor-widget-container\">\n\t\t\t\t\t<div class=\"elementor-image-box-wrapper\"><figure class=\"elementor-image-box-img\"><img decoding=\"async\" src=\"https:\/\/www.simpleprofit.it\/wp-content\/uploads\/2021\/02\/invalid-name-6.svg\" class=\"attachment-full size-full wp-image-103\" alt=\"\" \/><\/figure><div class=\"elementor-image-box-content\"><h3 class=\"elementor-image-box-title\">Marketing putem tra\u017eilice<\/h3><p class=\"elementor-image-box-description\">Optimizacija cijene po kliku putem Google Ads i Bing.com kampanja na tra\u017eilici koje rezultiraju financijski odr\u017eivom i mjerljivom promocijom va\u0161eg hotela s ciljem privla\u010denja novih gostiju.<\/p><\/div><\/div>\t\t\t\t<\/div>\n\t\t\t\t<\/div>\n\t\t\t\t<div class=\"elementor-element elementor-element-67905f8 elementor-position-left elementor-vertical-align-top elementor-widget elementor-widget-image-box\" data-id=\"67905f8\" data-element_type=\"widget\" id=\"homepage\" data-widget_type=\"image-box.default\">\n\t\t\t\t<div class=\"elementor-widget-container\">\n\t\t\t\t\t<div class=\"elementor-image-box-wrapper\"><figure class=\"elementor-image-box-img\"><img decoding=\"async\" src=\"https:\/\/www.simpleprofit.it\/wp-content\/uploads\/2021\/02\/invalid-name-8.svg\" class=\"attachment-full size-full wp-image-107\" alt=\"\" \/><\/figure><div class=\"elementor-image-box-content\"><h3 class=\"elementor-image-box-title\">Optimizacija po\u010detne stranice<\/h3><p class=\"elementor-image-box-description\">Na\u0161e prepoznatljive UX i UI tehnologije kompatibilne su s mobilnim i stolnim ure\u0111ajima i dizajnirane su za glatko i besprijekorno korisni\u010dko iskustvo koje poti\u010de i pove\u0107ava izravne rezervacije. Me\u0111u na\u0161im tehnologijama ugra\u0111enim u va\u0161u po\u010detnu stranicu su 24\/7 korisni\u010dka podr\u0161ka, LiveChat, automatizirane sko\u010dne poruke i rje\u0161enja za pristupa\u010dnost.<\/p><\/div><\/div>\t\t\t\t<\/div>\n\t\t\t\t<\/div>\n\t\t\t\t<div class=\"elementor-element elementor-element-b0ab0da elementor-position-left elementor-vertical-align-top elementor-widget elementor-widget-image-box\" data-id=\"b0ab0da\" data-element_type=\"widget\" id=\"social\" data-widget_type=\"image-box.default\">\n\t\t\t\t<div class=\"elementor-widget-container\">\n\t\t\t\t\t<div class=\"elementor-image-box-wrapper\"><figure class=\"elementor-image-box-img\"><img decoding=\"async\" src=\"https:\/\/www.simpleprofit.it\/wp-content\/uploads\/2021\/02\/invalid-name-10.svg\" class=\"attachment-full size-full wp-image-111\" alt=\"\" \/><\/figure><div class=\"elementor-image-box-content\"><h3 class=\"elementor-image-box-title\">Dru\u0161tvene mre\u017ee<\/h3><p class=\"elementor-image-box-description\">Na\u0161 interni tim stru\u010dnjaka za dru\u0161tvene mre\u017ee izra\u0111uje prilago\u0111enu strategiju za svaki hotel, po\u010dev\u0161i od analize publike i ciljeva, do stvaranja kreativnog sadr\u017eaja, upravljanja platformom, plana objava, pra\u0107enja anga\u017emana publike i kupaca \u0161to dovodi do novih upita i vr\u0161enja izravnih rezervacija za va\u0161 hotel.<\/p><\/div><\/div>\t\t\t\t<\/div>\n\t\t\t\t<\/div>\n\t\t\t\t\t<\/div>\n\t\t<\/div>\n\t\t\t\t<div class=\"elementor-column elementor-col-50 elementor-top-column elementor-element elementor-element-a2e17df\" data-id=\"a2e17df\" data-element_type=\"column\">\n\t\t\t<div class=\"elementor-widget-wrap elementor-element-populated\">\n\t\t\t\t\t\t<div class=\"elementor-element elementor-element-ffbed0d elementor-position-left elementor-vertical-align-top elementor-widget elementor-widget-image-box\" data-id=\"ffbed0d\" data-element_type=\"widget\" id=\"meta\" data-widget_type=\"image-box.default\">\n\t\t\t\t<div class=\"elementor-widget-container\">\n\t\t\t\t\t<div class=\"elementor-image-box-wrapper\"><figure class=\"elementor-image-box-img\"><img decoding=\"async\" src=\"https:\/\/www.simpleprofit.it\/wp-content\/uploads\/2021\/02\/invalid-name-5.svg\" class=\"attachment-full size-full wp-image-101\" alt=\"\" \/><\/figure><div class=\"elementor-image-box-content\"><h3 class=\"elementor-image-box-title\">Menad\u017ement i integracija meta pretra\u017eiva\u010da<\/h3><p class=\"elementor-image-box-description\">Prikupljanjem podataka i optimizacijom rezultata va\u0161eg digitalnog prometa, Simple Profit aktivno upravlja va\u0161om prisutno\u0161\u0107u na meta pretra\u017eiva\u010du kako bi maksimizirao va\u0161 povrat ulaganja na vode\u0107im platformama: Google Hotel Ads, TripAdvisor i Trivago.\u200b<\/p><\/div><\/div>\t\t\t\t<\/div>\n\t\t\t\t<\/div>\n\t\t\t\t<div class=\"elementor-element elementor-element-6950686 elementor-position-left elementor-vertical-align-top elementor-widget elementor-widget-image-box\" data-id=\"6950686\" data-element_type=\"widget\" id=\"upgrading\" data-widget_type=\"image-box.default\">\n\t\t\t\t<div class=\"elementor-widget-container\">\n\t\t\t\t\t<div class=\"elementor-image-box-wrapper\"><figure class=\"elementor-image-box-img\"><img decoding=\"async\" src=\"https:\/\/www.simpleprofit.it\/wp-content\/uploads\/2021\/02\/invalid-name-7.svg\" class=\"attachment-full size-full wp-image-105\" alt=\"\" \/><\/figure><div class=\"elementor-image-box-content\"><h3 class=\"elementor-image-box-title\">Automatska nadogradnja sobe<\/h3><p class=\"elementor-image-box-description\">Prodaja nadogradnje soba najboljem ponuditelju uz platformu za optimizaciju kapaciteta temeljenu na umjetnoj inteligenciji u stvarnom vremenu prema dostupnosti, sezoni i po\u010detnim cijenama.<\/p><\/div><\/div>\t\t\t\t<\/div>\n\t\t\t\t<\/div>\n\t\t\t\t<div class=\"elementor-element elementor-element-ed574d0 elementor-position-left elementor-vertical-align-top elementor-widget elementor-widget-image-box\" data-id=\"ed574d0\" data-element_type=\"widget\" id=\"seo\" data-widget_type=\"image-box.default\">\n\t\t\t\t<div class=\"elementor-widget-container\">\n\t\t\t\t\t<div class=\"elementor-image-box-wrapper\"><figure class=\"elementor-image-box-img\"><img decoding=\"async\" src=\"https:\/\/www.simpleprofit.it\/wp-content\/uploads\/2021\/02\/invalid-name-9.svg\" class=\"attachment-full size-full wp-image-109\" alt=\"\" \/><\/figure><div class=\"elementor-image-box-content\"><h3 class=\"elementor-image-box-title\">Optimizacija tra\u017eilice<\/h3><p class=\"elementor-image-box-description\">Usmjeravamo va\u0161e ulaganje prema naju\u010dinkovitijim i najkorisnijim alatima. Stru\u010dni smo i iskusni u stvaranju ve\u0107e vidljivosti i postizanju bolje pozicije na tra\u017eilici za na\u0161e klijente diljem svijeta. Identificiramo klju\u010dne rije\u010di i izraze koji se odnose na potrebe i interese potencijalnih gostiju hotela, dok istovremeno istra\u017eujemo mogu\u0107nosti za otkrivanje novih na\u010dina za poticanje dodatnog prometa na web stranici va\u0161eg hotela.<\/p><\/div><\/div>\t\t\t\t<\/div>\n\t\t\t\t<\/div>\n\t\t\t\t<div class=\"elementor-element elementor-element-807f831 elementor-position-left elementor-vertical-align-top elementor-widget elementor-widget-image-box\" data-id=\"807f831\" data-element_type=\"widget\" id=\"bi\" data-widget_type=\"image-box.default\">\n\t\t\t\t<div class=\"elementor-widget-container\">\n\t\t\t\t\t<div class=\"elementor-image-box-wrapper\"><figure class=\"elementor-image-box-img\"><img decoding=\"async\" src=\"https:\/\/www.simpleprofit.it\/wp-content\/uploads\/2021\/02\/invalid-name-11.svg\" class=\"attachment-full size-full wp-image-113\" alt=\"\" \/><\/figure><div class=\"elementor-image-box-content\"><h3 class=\"elementor-image-box-title\">Poslovno izvje\u0161tavanje<\/h3><p class=\"elementor-image-box-description\">Simple Profit nudi funkcionalnu integraciju Google Analyticsa i nadzorne plo\u010de za izvje\u0161tavanje o poslovanju u stvarnom vremenu kako bi na\u0161i klijenti bili u toku s neposrednim rastom prihoda u njihovim hotelima. Na\u0161i alati za izvje\u0161tavanje prate va\u017ene podatke i statistike o korisni\u010dkom prometu i zadr\u017eavanju, geo-lokaciji, pona\u0161anju korisnika i predvi\u0111anjima budu\u0107eg poslovanja.<\/p><\/div><\/div>\t\t\t\t<\/div>\n\t\t\t\t<\/div>\n\t\t\t\t\t<\/div>\n\t\t<\/div>\n\t\t\t\t\t<\/div>\n\t\t<\/section>\n\t\t\t\t<\/div>\n\t\t","protected":false},"excerpt":{"rendered":"<p>\u0160iroka paleta\u00a0usluga Simple Profita mo\u017ee se uskladiti i prilagoditi specifi\u010dnim potrebama va\u0161eg hotela i poslovanja. Pove\u0107ajte profit, stopu zadr\u017eavanja gostiju, efikasnost, Google pozicioniranje, promet web stranice Booking Engine Pove\u0107ajte stopu konverzije s najsuvremenijim su\u010deljem za rezervacije kojeg je razvio Simple Booking, a kojeg koristi vi\u0161e od 4000 hotela diljem svijeta. Moderan, brz i jednostavan za [&hellip;]<\/p>\n","protected":false},"author":1,"featured_media":0,"parent":0,"menu_order":0,"comment_status":"closed","ping_status":"closed","template":"elementor_header_footer","meta":{"footnotes":""},"yoast_head":"<!-- This site is optimized with the Yoast SEO plugin v21.1 - https:\/\/yoast.com\/wordpress\/plugins\/seo\/ -->\n<title>Services - Simple Profit - 360\u00b0 Solutions for Hotels and Hoteliers<\/title>\n<meta name=\"description\" content=\"Simple Profit\u2019s wide range of services can be customized and tailored to the specific needs of your hotel and business.\" \/>\n<meta name=\"robots\" content=\"index, follow, max-snippet:-1, max-image-preview:large, max-video-preview:-1\" \/>\n<link rel=\"canonical\" href=\"https:\/\/www.simpleprofit.it\/hr\/services\/\" \/>\n<meta property=\"og:locale\" content=\"hr_HR\" \/>\n<meta property=\"og:type\" content=\"article\" \/>\n<meta property=\"og:title\" content=\"Services - Simple Profit - 360\u00b0 Solutions for Hotels and Hoteliers\" \/>\n<meta property=\"og:description\" content=\"Simple Profit\u2019s wide range of services can be customized and tailored to the specific needs of your hotel and business.\" \/>\n<meta property=\"og:url\" content=\"https:\/\/www.simpleprofit.it\/hr\/services\/\" \/>\n<meta property=\"og:site_name\" content=\"Simple Profit\" \/>\n<meta property=\"article:modified_time\" content=\"2023-02-07T10:39:24+00:00\" \/>\n<meta property=\"og:image\" content=\"https:\/\/www.simpleprofit.it\/wp-content\/uploads\/2021\/02\/invalid-name-4.svg\" \/>\n<meta name=\"twitter:card\" content=\"summary_large_image\" \/>\n<meta name=\"twitter:label1\" content=\"Procijenjeno vrijeme \u010ditanja\" \/>\n\t<meta name=\"twitter:data1\" content=\"4 minute\" \/>\n<script type=\"application\/ld+json\" class=\"yoast-schema-graph\">{\"@context\":\"https:\/\/schema.org\",\"@graph\":[{\"@type\":\"WebPage\",\"@id\":\"https:\/\/www.simpleprofit.it\/hr\/services\/\",\"url\":\"https:\/\/www.simpleprofit.it\/hr\/services\/\",\"name\":\"Services - Simple Profit - 360\u00b0 Solutions for Hotels and Hoteliers\",\"isPartOf\":{\"@id\":\"https:\/\/www.simpleprofit.it\/he\/#website\"},\"datePublished\":\"2021-02-04T20:24:14+00:00\",\"dateModified\":\"2023-02-07T10:39:24+00:00\",\"description\":\"Simple Profit\u2019s wide range of services can be customized and tailored to the specific needs of your hotel and business.\",\"breadcrumb\":{\"@id\":\"https:\/\/www.simpleprofit.it\/hr\/services\/#breadcrumb\"},\"inLanguage\":\"hr\",\"potentialAction\":[{\"@type\":\"ReadAction\",\"target\":[\"https:\/\/www.simpleprofit.it\/hr\/services\/\"]}]},{\"@type\":\"BreadcrumbList\",\"@id\":\"https:\/\/www.simpleprofit.it\/hr\/services\/#breadcrumb\",\"itemListElement\":[{\"@type\":\"ListItem\",\"position\":1,\"name\":\"Home\",\"item\":\"https:\/\/www.simpleprofit.it\/\"},{\"@type\":\"ListItem\",\"position\":2,\"name\":\"Services\"}]},{\"@type\":\"WebSite\",\"@id\":\"https:\/\/www.simpleprofit.it\/he\/#website\",\"url\":\"https:\/\/www.simpleprofit.it\/he\/\",\"name\":\"Simple Profit\",\"description\":\"simpleprofit\",\"publisher\":{\"@id\":\"https:\/\/www.simpleprofit.it\/he\/#organization\"},\"potentialAction\":[{\"@type\":\"SearchAction\",\"target\":{\"@type\":\"EntryPoint\",\"urlTemplate\":\"https:\/\/www.simpleprofit.it\/he\/?s={search_term_string}\"},\"query-input\":\"required name=search_term_string\"}],\"inLanguage\":\"hr\"},{\"@type\":\"Organization\",\"@id\":\"https:\/\/www.simpleprofit.it\/he\/#organization\",\"name\":\"Simple Profit\",\"url\":\"https:\/\/www.simpleprofit.it\/he\/\",\"logo\":{\"@type\":\"ImageObject\",\"inLanguage\":\"hr\",\"@id\":\"https:\/\/www.simpleprofit.it\/he\/#\/schema\/logo\/image\/\",\"url\":\"https:\/\/www.simpleprofit.it\/wp-content\/uploads\/2021\/02\/cropped-SP-Favicon.png\",\"contentUrl\":\"https:\/\/www.simpleprofit.it\/wp-content\/uploads\/2021\/02\/cropped-SP-Favicon.png\",\"width\":512,\"height\":390,\"caption\":\"Simple Profit\"},\"image\":{\"@id\":\"https:\/\/www.simpleprofit.it\/he\/#\/schema\/logo\/image\/\"}}]}<\/script>\n<!-- \/ Yoast SEO plugin. -->","yoast_head_json":{"title":"Services - Simple Profit - 360\u00b0 Solutions for Hotels and Hoteliers","description":"Simple Profit\u2019s wide range of services can be customized and tailored to the specific needs of your hotel and business.","robots":{"index":"index","follow":"follow","max-snippet":"max-snippet:-1","max-image-preview":"max-image-preview:large","max-video-preview":"max-video-preview:-1"},"canonical":"https:\/\/www.simpleprofit.it\/hr\/services\/","og_locale":"hr_HR","og_type":"article","og_title":"Services - Simple Profit - 360\u00b0 Solutions for Hotels and Hoteliers","og_description":"Simple Profit\u2019s wide range of services can be customized and tailored to the specific needs of your hotel and business.","og_url":"https:\/\/www.simpleprofit.it\/hr\/services\/","og_site_name":"Simple Profit","article_modified_time":"2023-02-07T10:39:24+00:00","og_image":[{"url":"https:\/\/www.simpleprofit.it\/wp-content\/uploads\/2021\/02\/invalid-name-4.svg"}],"twitter_card":"summary_large_image","twitter_misc":{"Procijenjeno vrijeme \u010ditanja":"4 minute"},"schema":{"@context":"https:\/\/schema.org","@graph":[{"@type":"WebPage","@id":"https:\/\/www.simpleprofit.it\/hr\/services\/","url":"https:\/\/www.simpleprofit.it\/hr\/services\/","name":"Services - Simple Profit - 360\u00b0 Solutions for Hotels and Hoteliers","isPartOf":{"@id":"https:\/\/www.simpleprofit.it\/he\/#website"},"datePublished":"2021-02-04T20:24:14+00:00","dateModified":"2023-02-07T10:39:24+00:00","description":"Simple Profit\u2019s wide range of services can be customized and tailored to the specific needs of your hotel and business.","breadcrumb":{"@id":"https:\/\/www.simpleprofit.it\/hr\/services\/#breadcrumb"},"inLanguage":"hr","potentialAction":[{"@type":"ReadAction","target":["https:\/\/www.simpleprofit.it\/hr\/services\/"]}]},{"@type":"BreadcrumbList","@id":"https:\/\/www.simpleprofit.it\/hr\/services\/#breadcrumb","itemListElement":[{"@type":"ListItem","position":1,"name":"Home","item":"https:\/\/www.simpleprofit.it\/"},{"@type":"ListItem","position":2,"name":"Services"}]},{"@type":"WebSite","@id":"https:\/\/www.simpleprofit.it\/he\/#website","url":"https:\/\/www.simpleprofit.it\/he\/","name":"Simple Profit","description":"simpleprofit","publisher":{"@id":"https:\/\/www.simpleprofit.it\/he\/#organization"},"potentialAction":[{"@type":"SearchAction","target":{"@type":"EntryPoint","urlTemplate":"https:\/\/www.simpleprofit.it\/he\/?s={search_term_string}"},"query-input":"required name=search_term_string"}],"inLanguage":"hr"},{"@type":"Organization","@id":"https:\/\/www.simpleprofit.it\/he\/#organization","name":"Simple Profit","url":"https:\/\/www.simpleprofit.it\/he\/","logo":{"@type":"ImageObject","inLanguage":"hr","@id":"https:\/\/www.simpleprofit.it\/he\/#\/schema\/logo\/image\/","url":"https:\/\/www.simpleprofit.it\/wp-content\/uploads\/2021\/02\/cropped-SP-Favicon.png","contentUrl":"https:\/\/www.simpleprofit.it\/wp-content\/uploads\/2021\/02\/cropped-SP-Favicon.png","width":512,"height":390,"caption":"Simple Profit"},"image":{"@id":"https:\/\/www.simpleprofit.it\/he\/#\/schema\/logo\/image\/"}}]}},"_links":{"self":[{"href":"https:\/\/www.simpleprofit.it\/hr\/wp-json\/wp\/v2\/pages\/2131"}],"collection":[{"href":"https:\/\/www.simpleprofit.it\/hr\/wp-json\/wp\/v2\/pages"}],"about":[{"href":"https:\/\/www.simpleprofit.it\/hr\/wp-json\/wp\/v2\/types\/page"}],"author":[{"embeddable":true,"href":"https:\/\/www.simpleprofit.it\/hr\/wp-json\/wp\/v2\/users\/1"}],"replies":[{"embeddable":true,"href":"https:\/\/www.simpleprofit.it\/hr\/wp-json\/wp\/v2\/comments?post=2131"}],"version-history":[{"count":54,"href":"https:\/\/www.simpleprofit.it\/hr\/wp-json\/wp\/v2\/pages\/2131\/revisions"}],"predecessor-version":[{"id":3707,"href":"https:\/\/www.simpleprofit.it\/hr\/wp-json\/wp\/v2\/pages\/2131\/revisions\/3707"}],"wp:attachment":[{"href":"https:\/\/www.simpleprofit.it\/hr\/wp-json\/wp\/v2\/media?parent=2131"}],"curies":[{"name":"wp","href":"https:\/\/api.w.org\/{rel}","templated":true}]}}