{"id":2556,"date":"2022-08-29T16:53:20","date_gmt":"2022-08-29T13:53:20","guid":{"rendered":"https:\/\/www.simpleprofit.it\/?page_id=2556"},"modified":"2022-08-29T17:15:05","modified_gmt":"2022-08-29T14:15:05","slug":"simple-booking","status":"publish","type":"page","link":"https:\/\/www.simpleprofit.it\/es\/servicios\/simple-booking\/","title":{"rendered":"Simple Booking"},"content":{"rendered":"\t\t<div data-elementor-type=\"wp-page\" data-elementor-id=\"2556\" class=\"elementor elementor-2556 elementor-154\">\n\t\t\t\t\t\t<section class=\"elementor-section elementor-top-section elementor-element elementor-element-56b9968 top-text small-margin contact elementor-section-full_width elementor-section-height-default elementor-section-height-default\" data-id=\"56b9968\" data-element_type=\"section\">\n\t\t\t\t\t\t<div class=\"elementor-container elementor-column-gap-default\">\n\t\t\t\t\t<div class=\"elementor-column elementor-col-100 elementor-top-column elementor-element elementor-element-802a169\" data-id=\"802a169\" data-element_type=\"column\">\n\t\t\t<div class=\"elementor-widget-wrap elementor-element-populated\">\n\t\t\t\t\t\t<section class=\"elementor-section elementor-inner-section elementor-element elementor-element-3ae751c elementor-section-full_width elementor-section-content-bottom elementor-section-height-default elementor-section-height-default\" data-id=\"3ae751c\" data-element_type=\"section\">\n\t\t\t\t\t\t<div class=\"elementor-container elementor-column-gap-no\">\n\t\t\t\t\t<div class=\"elementor-column elementor-col-50 elementor-inner-column elementor-element elementor-element-17439ae\" data-id=\"17439ae\" data-element_type=\"column\">\n\t\t\t<div class=\"elementor-widget-wrap elementor-element-populated\">\n\t\t\t\t\t\t<div class=\"elementor-element elementor-element-5831ff1 elementor-widget elementor-widget-heading\" data-id=\"5831ff1\" data-element_type=\"widget\" data-widget_type=\"heading.default\">\n\t\t\t\t<div class=\"elementor-widget-container\">\n\t\t\t\t\t<h1 class=\"elementor-heading-title elementor-size-default\">Simple Booking<\/h1>\t\t\t\t<\/div>\n\t\t\t\t<\/div>\n\t\t\t\t<div class=\"elementor-element elementor-element-1a99091 elementor-widget elementor-widget-heading\" data-id=\"1a99091\" data-element_type=\"widget\" data-widget_type=\"heading.default\">\n\t\t\t\t<div class=\"elementor-widget-container\">\n\t\t\t\t\t<h2 class=\"elementor-heading-title elementor-size-default\">Aumenta tus reservas directas<\/h2>\t\t\t\t<\/div>\n\t\t\t\t<\/div>\n\t\t\t\t<div class=\"elementor-element elementor-element-d30241f elementor-widget elementor-widget-text-editor\" data-id=\"d30241f\" data-element_type=\"widget\" data-widget_type=\"text-editor.default\">\n\t\t\t\t<div class=\"elementor-widget-container\">\n\t\t\t\t\t\t\t\t\t<p>Explore las caracter\u00edsticas que hacen de Simple Booking un l\u00edder mundial en interfaces de motor de reserva de hoteles<\/p>\t\t\t\t\t\t\t\t<\/div>\n\t\t\t\t<\/div>\n\t\t\t\t\t<\/div>\n\t\t<\/div>\n\t\t\t\t<div class=\"elementor-column elementor-col-50 elementor-inner-column elementor-element elementor-element-bcec28f\" data-id=\"bcec28f\" data-element_type=\"column\">\n\t\t\t<div class=\"elementor-widget-wrap elementor-element-populated\">\n\t\t\t\t\t\t<div class=\"elementor-element elementor-element-3f46c7d elementor-widget elementor-widget-image\" data-id=\"3f46c7d\" data-element_type=\"widget\" data-widget_type=\"image.default\">\n\t\t\t\t<div class=\"elementor-widget-container\">\n\t\t\t\t\t\t\t\t\t\t\t\t\t\t\t<img fetchpriority=\"high\" decoding=\"async\" width=\"882\" height=\"486\" src=\"https:\/\/www.simpleprofit.it\/wp-content\/uploads\/2021\/02\/group-108@2x.png\" class=\"attachment-full size-full wp-image-2558\" alt=\"\" srcset=\"https:\/\/www.simpleprofit.it\/wp-content\/uploads\/2021\/02\/group-108@2x.png 882w, https:\/\/www.simpleprofit.it\/wp-content\/uploads\/2021\/02\/group-108@2x-300x165.png 300w, https:\/\/www.simpleprofit.it\/wp-content\/uploads\/2021\/02\/group-108@2x-768x423.png 768w\" sizes=\"(max-width: 882px) 100vw, 882px\" \/>\t\t\t\t\t\t\t\t\t\t\t\t\t\t\t<\/div>\n\t\t\t\t<\/div>\n\t\t\t\t\t<\/div>\n\t\t<\/div>\n\t\t\t\t\t<\/div>\n\t\t<\/section>\n\t\t\t\t\t<\/div>\n\t\t<\/div>\n\t\t\t\t\t<\/div>\n\t\t<\/section>\n\t\t\t\t<section class=\"elementor-section elementor-top-section elementor-element elementor-element-e7c6828 elementor-section-full_width contact-icons elementor-section-height-default elementor-section-height-default\" data-id=\"e7c6828\" data-element_type=\"section\">\n\t\t\t\t\t\t<div class=\"elementor-container elementor-column-gap-default\">\n\t\t\t\t\t<div class=\"elementor-column elementor-col-100 elementor-top-column elementor-element elementor-element-1434d43\" data-id=\"1434d43\" data-element_type=\"column\">\n\t\t\t<div class=\"elementor-widget-wrap elementor-element-populated\">\n\t\t\t\t\t\t<section class=\"elementor-section elementor-inner-section elementor-element elementor-element-86e74aa home-icons elementor-section-full_width elementor-section-height-default elementor-section-height-default\" data-id=\"86e74aa\" data-element_type=\"section\">\n\t\t\t\t\t\t<div class=\"elementor-container elementor-column-gap-no\">\n\t\t\t\t\t<div class=\"elementor-column elementor-col-50 elementor-inner-column elementor-element elementor-element-1d357bd\" data-id=\"1d357bd\" data-element_type=\"column\">\n\t\t\t<div class=\"elementor-widget-wrap elementor-element-populated\">\n\t\t\t\t\t\t<div class=\"elementor-element elementor-element-2db4f36 elementor-position-left elementor-vertical-align-top elementor-widget elementor-widget-image-box\" data-id=\"2db4f36\" data-element_type=\"widget\" data-widget_type=\"image-box.default\">\n\t\t\t\t<div class=\"elementor-widget-container\">\n\t\t\t\t\t<div class=\"elementor-image-box-wrapper\"><figure class=\"elementor-image-box-img\"><img decoding=\"async\" src=\"https:\/\/www.simpleprofit.it\/wp-content\/uploads\/2021\/02\/invalid-name-13.svg\" class=\"attachment-full size-full wp-image-117\" alt=\"\" \/><\/figure><div class=\"elementor-image-box-content\"><h3 class=\"elementor-image-box-title\">Un Dise\u00f1o Fresco y Personalizado<\/h3><p class=\"elementor-image-box-description\">Dise\u00f1ado para aumentar la tasa de conversi\u00f3n y la facilidad y eficiencia del usuario, ofrecemos a cada hotel la opci\u00f3n de personalizar colores y elementos de marca en una plantilla f\u00e1cilmente adaptable.<\/p><\/div><\/div>\t\t\t\t<\/div>\n\t\t\t\t<\/div>\n\t\t\t\t\t<\/div>\n\t\t<\/div>\n\t\t\t\t<div class=\"elementor-column elementor-col-50 elementor-inner-column elementor-element elementor-element-f228418\" data-id=\"f228418\" data-element_type=\"column\">\n\t\t\t<div class=\"elementor-widget-wrap elementor-element-populated\">\n\t\t\t\t\t\t<div class=\"elementor-element elementor-element-623b0d7 elementor-position-left elementor-vertical-align-top elementor-widget elementor-widget-image-box\" data-id=\"623b0d7\" data-element_type=\"widget\" data-widget_type=\"image-box.default\">\n\t\t\t\t<div class=\"elementor-widget-container\">\n\t\t\t\t\t<div class=\"elementor-image-box-wrapper\"><figure class=\"elementor-image-box-img\"><img decoding=\"async\" src=\"https:\/\/www.simpleprofit.it\/wp-content\/uploads\/2021\/02\/invalid-name-12.svg\" class=\"attachment-full size-full wp-image-115\" alt=\"\" \/><\/figure><div class=\"elementor-image-box-content\"><h3 class=\"elementor-image-box-title\">Rate Match<\/h3><p class=\"elementor-image-box-description\">Desde la comparaci\u00f3n de precios en tiempo real hasta la alineaci\u00f3n autom\u00e1tica de tarifas, nuestra interfaz Simple Booking ajusta la tarifa de su hotel a otras OTA, lo que resulta en una mejor tarifa garantizada para los hu\u00e9spedes del hotel.<\/p><\/div><\/div>\t\t\t\t<\/div>\n\t\t\t\t<\/div>\n\t\t\t\t\t<\/div>\n\t\t<\/div>\n\t\t\t\t\t<\/div>\n\t\t<\/section>\n\t\t\t\t<section class=\"elementor-section elementor-inner-section elementor-element elementor-element-e9da93e booking-engine elementor-section-full_width elementor-section-height-default elementor-section-height-default\" data-id=\"e9da93e\" data-element_type=\"section\">\n\t\t\t\t\t\t<div class=\"elementor-container elementor-column-gap-no\">\n\t\t\t\t\t<div class=\"elementor-column elementor-col-100 elementor-inner-column elementor-element elementor-element-6e9f437\" data-id=\"6e9f437\" data-element_type=\"column\">\n\t\t\t<div class=\"elementor-widget-wrap elementor-element-populated\">\n\t\t\t\t\t\t<div class=\"elementor-element elementor-element-bd1d5fc elementor-widget elementor-widget-html\" data-id=\"bd1d5fc\" data-element_type=\"widget\" data-widget_type=\"html.default\">\n\t\t\t\t<div class=\"elementor-widget-container\">\n\t\t\t\t\t<script type=\"text\/javascript\">\r\n(function (i, s, o, g, r, a, m) {\r\n    i['SBSyncroBoxParam'] = r; i[r] = i[r] || function () {\r\n        (i[r].q = i[r].q || []).push(arguments)\r\n    }, i[r].l = 1 * new Date(); a = s.createElement(o),\r\n    m = s.getElementsByTagName(o)[0]; a.async = 1; a.src = g; m.parentNode.insertBefore(a, m)\r\n})(window, document, 'script', 'https:\/\/cdn.simplebooking.it\/search-box-script.axd?IDA=5620','SBSyncroBox');\r\n\r\nSBSyncroBox({\r\nStyles: {\r\n\t\tTheme: \"dark\",\r\n\t\tCustomColor: \"#cdb57b\",   \/\/primary color ex. #CDEFDD\r\n\t\tCustomIconColor: \"#cdb57b\",   \/\/primary color ex. #CDEFDD\r\n\t\tCustomBGColor: \"#cdb57b\",   \/\/background color\r\n\t\tCustomLabelColor: \"#fff\",   \/\/labels color\r\n\t\tCustomWidgetColor: \"#000\",   \/\/popovers text color\r\n\t\tCustomFieldBackgroundColor: \"#000\",   \/\/popovers text color\r\n\t\tCustomButtonBGColor: \"#73a9e5\",   \/\/popovers text color\r\n    },\r\n\r\n\r\n    CodLang: 'EN'\r\n});\r\n<\/script>\r\n<div id=\"sb-container\"><\/div>\r\n\t\t\t\t<\/div>\n\t\t\t\t<\/div>\n\t\t\t\t\t<\/div>\n\t\t<\/div>\n\t\t\t\t\t<\/div>\n\t\t<\/section>\n\t\t\t\t<section class=\"elementor-section elementor-inner-section elementor-element elementor-element-5eee1f9 home-icons elementor-section-full_width elementor-section-height-default elementor-section-height-default\" data-id=\"5eee1f9\" data-element_type=\"section\">\n\t\t\t\t\t\t<div class=\"elementor-container elementor-column-gap-no\">\n\t\t\t\t\t<div class=\"elementor-column elementor-col-50 elementor-inner-column elementor-element elementor-element-70aaa29\" data-id=\"70aaa29\" data-element_type=\"column\">\n\t\t\t<div class=\"elementor-widget-wrap elementor-element-populated\">\n\t\t\t\t\t\t<div class=\"elementor-element elementor-element-cde305c elementor-position-left elementor-vertical-align-top elementor-widget elementor-widget-image-box\" data-id=\"cde305c\" data-element_type=\"widget\" data-widget_type=\"image-box.default\">\n\t\t\t\t<div class=\"elementor-widget-container\">\n\t\t\t\t\t<div class=\"elementor-image-box-wrapper\"><figure class=\"elementor-image-box-img\"><img decoding=\"async\" src=\"https:\/\/www.simpleprofit.it\/wp-content\/uploads\/2021\/02\/invalid-name-15.svg\" class=\"attachment-full size-full wp-image-121\" alt=\"\" \/><\/figure><div class=\"elementor-image-box-content\"><h3 class=\"elementor-image-box-title\">Vender servicios y experiencias adicionales<\/h3><p class=\"elementor-image-box-description\">Crear ingresos comerciales nuevos y directos incluso antes de que un hu\u00e9sped se registre en su hotel. Este servicio tambi\u00e9n es beneficioso para cada hu\u00e9sped del hotel, ya que simplifica la experiencia de viaje y permite la comodidad y la eficiencia antes de la llegada.\n\nDesarrolle una estrategia de promoci\u00f3n precisa, que incluya \n\n\u2022 Software de back-end que es f\u00e1cil de usar y din\u00e1mico, y ofrece la capacidad de crear promociones ilimitadas que se pueden alinear en su sitio web y p\u00e1gina de inicio.\n\u2022 Software frontal que se traduce en la oferta m\u00e1s atractiva para su hu\u00e9sped y enlaces directamente a sus ingresos.          <\/p><\/div><\/div>\t\t\t\t<\/div>\n\t\t\t\t<\/div>\n\t\t\t\t<div class=\"elementor-element elementor-element-8de0be2 elementor-position-left elementor-vertical-align-top elementor-widget elementor-widget-image-box\" data-id=\"8de0be2\" data-element_type=\"widget\" data-widget_type=\"image-box.default\">\n\t\t\t\t<div class=\"elementor-widget-container\">\n\t\t\t\t\t<div class=\"elementor-image-box-wrapper\"><figure class=\"elementor-image-box-img\"><img decoding=\"async\" src=\"https:\/\/www.simpleprofit.it\/wp-content\/uploads\/2021\/02\/invalid-name-17.svg\" class=\"attachment-full size-full wp-image-126\" alt=\"\" \/><\/figure><div class=\"elementor-image-box-content\"><h3 class=\"elementor-image-box-title\">Seguridad<\/h3><p class=\"elementor-image-box-description\">Implementar sistemas de seguridad y certificaciones de \u00faltima generaci\u00f3n que protejan tanto a los propietarios del hotel como a los clientes, creando portales seguros y protegidos para las transacciones comerciales y de tarjetas de cr\u00e9dito.        <\/p><\/div><\/div>\t\t\t\t<\/div>\n\t\t\t\t<\/div>\n\t\t\t\t<div class=\"elementor-element elementor-element-22434ce elementor-position-left elementor-vertical-align-top elementor-widget elementor-widget-image-box\" data-id=\"22434ce\" data-element_type=\"widget\" data-widget_type=\"image-box.default\">\n\t\t\t\t<div class=\"elementor-widget-container\">\n\t\t\t\t\t<div class=\"elementor-image-box-wrapper\"><figure class=\"elementor-image-box-img\"><img decoding=\"async\" src=\"https:\/\/www.simpleprofit.it\/wp-content\/uploads\/2021\/02\/invalid-name-19.svg\" class=\"attachment-full size-full wp-image-130\" alt=\"\" \/><\/figure><div class=\"elementor-image-box-content\"><h3 class=\"elementor-image-box-title\">Tarifas secretas<\/h3><p class=\"elementor-image-box-description\">Le ayudamos a desarrollar una base de datos CRM de hu\u00e9spedes que puede crear descuentos especiales para aumentar las tarifas de los hu\u00e9spedes que regresan y la lealtad de los clientes.<\/p><\/div><\/div>\t\t\t\t<\/div>\n\t\t\t\t<\/div>\n\t\t\t\t\t<\/div>\n\t\t<\/div>\n\t\t\t\t<div class=\"elementor-column elementor-col-50 elementor-inner-column elementor-element elementor-element-fc02aa8\" data-id=\"fc02aa8\" data-element_type=\"column\">\n\t\t\t<div class=\"elementor-widget-wrap elementor-element-populated\">\n\t\t\t\t\t\t<div class=\"elementor-element elementor-element-47d0fce elementor-position-left elementor-vertical-align-top elementor-widget elementor-widget-image-box\" data-id=\"47d0fce\" data-element_type=\"widget\" data-widget_type=\"image-box.default\">\n\t\t\t\t<div class=\"elementor-widget-container\">\n\t\t\t\t\t<div class=\"elementor-image-box-wrapper\"><figure class=\"elementor-image-box-img\"><img decoding=\"async\" src=\"https:\/\/www.simpleprofit.it\/wp-content\/uploads\/2021\/02\/invalid-name-14.svg\" class=\"attachment-full size-full wp-image-119\" alt=\"\" \/><\/figure><div class=\"elementor-image-box-content\"><h3 class=\"elementor-image-box-title\">Recuperaci\u00f3n de reservas<\/h3><p class=\"elementor-image-box-description\">Lanzamiento autom\u00e1tico de ventanas pop-up y comunicaci\u00f3n con los hu\u00e9spedes cuando intentan abandonar el sitio web para optimizar los ingresos y evitar que los negocios se dirijan a la competencia.<\/p><\/div><\/div>\t\t\t\t<\/div>\n\t\t\t\t<\/div>\n\t\t\t\t<div class=\"elementor-element elementor-element-60c02e9 elementor-position-left elementor-vertical-align-top elementor-widget elementor-widget-image-box\" data-id=\"60c02e9\" data-element_type=\"widget\" data-widget_type=\"image-box.default\">\n\t\t\t\t<div class=\"elementor-widget-container\">\n\t\t\t\t\t<div class=\"elementor-image-box-wrapper\"><figure class=\"elementor-image-box-img\"><img decoding=\"async\" src=\"https:\/\/www.simpleprofit.it\/wp-content\/uploads\/2021\/02\/invalid-name-16.svg\" class=\"attachment-full size-full wp-image-123\" alt=\"\" \/><\/figure><div class=\"elementor-image-box-content\"><h3 class=\"elementor-image-box-title\">Paquetes<\/h3><p class=\"elementor-image-box-description\">Desarrolle y venda paquetes, experiencias y servicios personalizados y atractivos que conecten a los hu\u00e9spedes del hotel con el destino que visitan y creen nuevas fuentes de ingresos para el hotel a trav\u00e9s de servicios internos o comisiones de terceros.         <\/p><\/div><\/div>\t\t\t\t<\/div>\n\t\t\t\t<\/div>\n\t\t\t\t<div class=\"elementor-element elementor-element-19dc259 elementor-position-left elementor-vertical-align-top elementor-widget elementor-widget-image-box\" data-id=\"19dc259\" data-element_type=\"widget\" data-widget_type=\"image-box.default\">\n\t\t\t\t<div class=\"elementor-widget-container\">\n\t\t\t\t\t<div class=\"elementor-image-box-wrapper\"><figure class=\"elementor-image-box-img\"><img decoding=\"async\" src=\"https:\/\/www.simpleprofit.it\/wp-content\/uploads\/2021\/02\/invalid-name-18.svg\" class=\"attachment-full size-full wp-image-128\" alt=\"\" \/><\/figure><div class=\"elementor-image-box-content\"><h3 class=\"elementor-image-box-title\">Dashboard (or Panel) din\u00e1mico<\/h3><p class=\"elementor-image-box-description\">Nuestras f\u00f3rmulas de Business Intelligence dan como resultado una toma de decisiones precisas y predicciones de negocio para cada propietario de hotel. Desde el an\u00e1lisis de la demanda y la reserva hasta el \"tiempo de recogida\" y la rotaci\u00f3n de la tasa de clics, nuestros paneles crean un terreno para que comprenda completamente cada aspecto de su presencia digital e infraestructura de reservas en l\u00ednea, desde el pasado y el presente hasta el futuro.        <\/p><\/div><\/div>\t\t\t\t<\/div>\n\t\t\t\t<\/div>\n\t\t\t\t\t<\/div>\n\t\t<\/div>\n\t\t\t\t\t<\/div>\n\t\t<\/section>\n\t\t\t\t\t<\/div>\n\t\t<\/div>\n\t\t\t\t\t<\/div>\n\t\t<\/section>\n\t\t\t\t<\/div>\n\t\t","protected":false},"excerpt":{"rendered":"<p>Simple Booking Aumenta tus reservas directas Explore las caracter\u00edsticas que hacen de Simple Booking un l\u00edder mundial en interfaces de motor de reserva de hoteles Un Dise\u00f1o Fresco y Personalizado Dise\u00f1ado para aumentar la tasa de conversi\u00f3n y la facilidad y eficiencia del usuario, ofrecemos a cada hotel la opci\u00f3n de personalizar colores y elementos [&hellip;]<\/p>\n","protected":false},"author":2,"featured_media":0,"parent":2527,"menu_order":0,"comment_status":"closed","ping_status":"closed","template":"elementor_header_footer","meta":{"footnotes":""},"yoast_head":"<!-- This site is optimized with the Yoast SEO plugin v21.1 - https:\/\/yoast.com\/wordpress\/plugins\/seo\/ -->\n<title>Simple Booking - Simple Profit<\/title>\n<meta name=\"robots\" content=\"index, follow, max-snippet:-1, max-image-preview:large, max-video-preview:-1\" \/>\n<link rel=\"canonical\" href=\"https:\/\/www.simpleprofit.it\/es\/servicios\/simple-booking\/\" \/>\n<meta property=\"og:locale\" content=\"es_ES\" \/>\n<meta property=\"og:type\" content=\"article\" \/>\n<meta property=\"og:title\" content=\"Simple Booking - Simple Profit\" \/>\n<meta property=\"og:description\" content=\"Simple Booking Aumenta tus reservas directas Explore las caracter\u00edsticas que hacen de Simple Booking un l\u00edder mundial en interfaces de motor de reserva de hoteles Un Dise\u00f1o Fresco y Personalizado Dise\u00f1ado para aumentar la tasa de conversi\u00f3n y la facilidad y eficiencia del usuario, ofrecemos a cada hotel la opci\u00f3n de personalizar colores y elementos [&hellip;]\" \/>\n<meta property=\"og:url\" content=\"https:\/\/www.simpleprofit.it\/es\/servicios\/simple-booking\/\" \/>\n<meta property=\"og:site_name\" content=\"Simple Profit\" \/>\n<meta property=\"article:modified_time\" content=\"2022-08-29T14:15:05+00:00\" \/>\n<meta property=\"og:image\" content=\"https:\/\/www.simpleprofit.it\/wp-content\/uploads\/2021\/02\/group-108@2x.png\" \/>\n<meta name=\"twitter:card\" content=\"summary_large_image\" \/>\n<meta name=\"twitter:label1\" content=\"Tiempo de lectura\" \/>\n\t<meta name=\"twitter:data1\" content=\"5 minutos\" \/>\n<script type=\"application\/ld+json\" class=\"yoast-schema-graph\">{\"@context\":\"https:\/\/schema.org\",\"@graph\":[{\"@type\":\"WebPage\",\"@id\":\"https:\/\/www.simpleprofit.it\/es\/servicios\/simple-booking\/\",\"url\":\"https:\/\/www.simpleprofit.it\/es\/servicios\/simple-booking\/\",\"name\":\"Simple Booking - Simple Profit\",\"isPartOf\":{\"@id\":\"https:\/\/www.simpleprofit.it\/he\/#website\"},\"datePublished\":\"2022-08-29T13:53:20+00:00\",\"dateModified\":\"2022-08-29T14:15:05+00:00\",\"breadcrumb\":{\"@id\":\"https:\/\/www.simpleprofit.it\/es\/servicios\/simple-booking\/#breadcrumb\"},\"inLanguage\":\"es\",\"potentialAction\":[{\"@type\":\"ReadAction\",\"target\":[\"https:\/\/www.simpleprofit.it\/es\/servicios\/simple-booking\/\"]}]},{\"@type\":\"BreadcrumbList\",\"@id\":\"https:\/\/www.simpleprofit.it\/es\/servicios\/simple-booking\/#breadcrumb\",\"itemListElement\":[{\"@type\":\"ListItem\",\"position\":1,\"name\":\"Home\",\"item\":\"https:\/\/www.simpleprofit.it\/es\/\"},{\"@type\":\"ListItem\",\"position\":2,\"name\":\"Servicios\",\"item\":\"https:\/\/www.simpleprofit.it\/services\/\"},{\"@type\":\"ListItem\",\"position\":3,\"name\":\"Simple Booking\"}]},{\"@type\":\"WebSite\",\"@id\":\"https:\/\/www.simpleprofit.it\/he\/#website\",\"url\":\"https:\/\/www.simpleprofit.it\/he\/\",\"name\":\"Simple Profit\",\"description\":\"simpleprofit\",\"publisher\":{\"@id\":\"https:\/\/www.simpleprofit.it\/he\/#organization\"},\"potentialAction\":[{\"@type\":\"SearchAction\",\"target\":{\"@type\":\"EntryPoint\",\"urlTemplate\":\"https:\/\/www.simpleprofit.it\/he\/?s={search_term_string}\"},\"query-input\":\"required name=search_term_string\"}],\"inLanguage\":\"es\"},{\"@type\":\"Organization\",\"@id\":\"https:\/\/www.simpleprofit.it\/he\/#organization\",\"name\":\"Simple Profit\",\"url\":\"https:\/\/www.simpleprofit.it\/he\/\",\"logo\":{\"@type\":\"ImageObject\",\"inLanguage\":\"es\",\"@id\":\"https:\/\/www.simpleprofit.it\/he\/#\/schema\/logo\/image\/\",\"url\":\"https:\/\/www.simpleprofit.it\/wp-content\/uploads\/2021\/02\/cropped-SP-Favicon.png\",\"contentUrl\":\"https:\/\/www.simpleprofit.it\/wp-content\/uploads\/2021\/02\/cropped-SP-Favicon.png\",\"width\":512,\"height\":390,\"caption\":\"Simple Profit\"},\"image\":{\"@id\":\"https:\/\/www.simpleprofit.it\/he\/#\/schema\/logo\/image\/\"}}]}<\/script>\n<!-- \/ Yoast SEO plugin. -->","yoast_head_json":{"title":"Simple Booking - Simple Profit","robots":{"index":"index","follow":"follow","max-snippet":"max-snippet:-1","max-image-preview":"max-image-preview:large","max-video-preview":"max-video-preview:-1"},"canonical":"https:\/\/www.simpleprofit.it\/es\/servicios\/simple-booking\/","og_locale":"es_ES","og_type":"article","og_title":"Simple Booking - Simple Profit","og_description":"Simple Booking Aumenta tus reservas directas Explore las caracter\u00edsticas que hacen de Simple Booking un l\u00edder mundial en interfaces de motor de reserva de hoteles Un Dise\u00f1o Fresco y Personalizado Dise\u00f1ado para aumentar la tasa de conversi\u00f3n y la facilidad y eficiencia del usuario, ofrecemos a cada hotel la opci\u00f3n de personalizar colores y elementos [&hellip;]","og_url":"https:\/\/www.simpleprofit.it\/es\/servicios\/simple-booking\/","og_site_name":"Simple Profit","article_modified_time":"2022-08-29T14:15:05+00:00","og_image":[{"url":"https:\/\/www.simpleprofit.it\/wp-content\/uploads\/2021\/02\/group-108@2x.png"}],"twitter_card":"summary_large_image","twitter_misc":{"Tiempo de lectura":"5 minutos"},"schema":{"@context":"https:\/\/schema.org","@graph":[{"@type":"WebPage","@id":"https:\/\/www.simpleprofit.it\/es\/servicios\/simple-booking\/","url":"https:\/\/www.simpleprofit.it\/es\/servicios\/simple-booking\/","name":"Simple Booking - Simple Profit","isPartOf":{"@id":"https:\/\/www.simpleprofit.it\/he\/#website"},"datePublished":"2022-08-29T13:53:20+00:00","dateModified":"2022-08-29T14:15:05+00:00","breadcrumb":{"@id":"https:\/\/www.simpleprofit.it\/es\/servicios\/simple-booking\/#breadcrumb"},"inLanguage":"es","potentialAction":[{"@type":"ReadAction","target":["https:\/\/www.simpleprofit.it\/es\/servicios\/simple-booking\/"]}]},{"@type":"BreadcrumbList","@id":"https:\/\/www.simpleprofit.it\/es\/servicios\/simple-booking\/#breadcrumb","itemListElement":[{"@type":"ListItem","position":1,"name":"Home","item":"https:\/\/www.simpleprofit.it\/es\/"},{"@type":"ListItem","position":2,"name":"Servicios","item":"https:\/\/www.simpleprofit.it\/services\/"},{"@type":"ListItem","position":3,"name":"Simple Booking"}]},{"@type":"WebSite","@id":"https:\/\/www.simpleprofit.it\/he\/#website","url":"https:\/\/www.simpleprofit.it\/he\/","name":"Simple Profit","description":"simpleprofit","publisher":{"@id":"https:\/\/www.simpleprofit.it\/he\/#organization"},"potentialAction":[{"@type":"SearchAction","target":{"@type":"EntryPoint","urlTemplate":"https:\/\/www.simpleprofit.it\/he\/?s={search_term_string}"},"query-input":"required name=search_term_string"}],"inLanguage":"es"},{"@type":"Organization","@id":"https:\/\/www.simpleprofit.it\/he\/#organization","name":"Simple Profit","url":"https:\/\/www.simpleprofit.it\/he\/","logo":{"@type":"ImageObject","inLanguage":"es","@id":"https:\/\/www.simpleprofit.it\/he\/#\/schema\/logo\/image\/","url":"https:\/\/www.simpleprofit.it\/wp-content\/uploads\/2021\/02\/cropped-SP-Favicon.png","contentUrl":"https:\/\/www.simpleprofit.it\/wp-content\/uploads\/2021\/02\/cropped-SP-Favicon.png","width":512,"height":390,"caption":"Simple Profit"},"image":{"@id":"https:\/\/www.simpleprofit.it\/he\/#\/schema\/logo\/image\/"}}]}},"_links":{"self":[{"href":"https:\/\/www.simpleprofit.it\/es\/wp-json\/wp\/v2\/pages\/2556"}],"collection":[{"href":"https:\/\/www.simpleprofit.it\/es\/wp-json\/wp\/v2\/pages"}],"about":[{"href":"https:\/\/www.simpleprofit.it\/es\/wp-json\/wp\/v2\/types\/page"}],"author":[{"embeddable":true,"href":"https:\/\/www.simpleprofit.it\/es\/wp-json\/wp\/v2\/users\/2"}],"replies":[{"embeddable":true,"href":"https:\/\/www.simpleprofit.it\/es\/wp-json\/wp\/v2\/comments?post=2556"}],"version-history":[{"count":10,"href":"https:\/\/www.simpleprofit.it\/es\/wp-json\/wp\/v2\/pages\/2556\/revisions"}],"predecessor-version":[{"id":2568,"href":"https:\/\/www.simpleprofit.it\/es\/wp-json\/wp\/v2\/pages\/2556\/revisions\/2568"}],"up":[{"embeddable":true,"href":"https:\/\/www.simpleprofit.it\/es\/wp-json\/wp\/v2\/pages\/2527"}],"wp:attachment":[{"href":"https:\/\/www.simpleprofit.it\/es\/wp-json\/wp\/v2\/media?parent=2556"}],"curies":[{"name":"wp","href":"https:\/\/api.w.org\/{rel}","templated":true}]}}