{"id":2527,"date":"2022-08-29T12:23:48","date_gmt":"2022-08-29T09:23:48","guid":{"rendered":"https:\/\/www.simpleprofit.it\/?page_id=2527"},"modified":"2022-08-29T16:48:15","modified_gmt":"2022-08-29T13:48:15","slug":"servicios","status":"publish","type":"page","link":"https:\/\/www.simpleprofit.it\/es\/servicios\/","title":{"rendered":"Servicios"},"content":{"rendered":"\t\t<div data-elementor-type=\"wp-page\" data-elementor-id=\"2527\" class=\"elementor elementor-2527 elementor-138\">\n\t\t\t\t\t\t<section class=\"elementor-section elementor-top-section elementor-element elementor-element-fdbe98e top-text elementor-section-full_width elementor-section-height-default elementor-section-height-default\" data-id=\"fdbe98e\" data-element_type=\"section\">\n\t\t\t\t\t\t<div class=\"elementor-container elementor-column-gap-default\">\n\t\t\t\t\t<div class=\"elementor-column elementor-col-100 elementor-top-column elementor-element elementor-element-dccbf41\" data-id=\"dccbf41\" data-element_type=\"column\">\n\t\t\t<div class=\"elementor-widget-wrap elementor-element-populated\">\n\t\t\t\t\t\t<div class=\"elementor-element elementor-element-9b3eb28 elementor-widget elementor-widget-eael-fancy-text\" data-id=\"9b3eb28\" data-element_type=\"widget\" data-widget_type=\"eael-fancy-text.default\">\n\t\t\t\t<div class=\"elementor-widget-container\">\n\t\t\t\t\t\n\t<div  class=\"eael-fancy-text-container style-1\" data-fancy-text-id=\"9b3eb28\" data-fancy-text=\"|Beneficio |Retenci\u00f3n de Clientes|Eficiencia|Clasificaci\u00f3n de Google|Tr\u00e1fico directo del sito web\" data-fancy-text-transition-type=\"typing\" data-fancy-text-speed=\"50\" data-fancy-text-delay=\"2500\" data-fancy-text-cursor=\"yes\" data-fancy-text-loop=\"yes\" data-fancy-text-action=\"page_load\" >\n\t\t\t\t\t<span class=\"eael-fancy-text-prefix\">Aumenta tu . . . <\/span>\n\t\t\n\t\t\n\t\t\t\t\t<span id=\"eael-fancy-text-9b3eb28\" class=\"eael-fancy-text-strings solid-color\">\n\t\t\t\t<noscript>\n\t\t\t\t\tBeneficio , Retenci\u00f3n de Clientes, Eficiencia, Clasificaci\u00f3n de Google, Tr\u00e1fico directo del sito web\t\t\t\t<\/noscript>\n\t\t\t<\/span>\n\t\t\n\t\t\t<\/div><!-- close .eael-fancy-text-container -->\n\n\t<div class=\"clearfix\"><\/div>\n\n\t\t\t\t\t<\/div>\n\t\t\t\t<\/div>\n\t\t\t\t<div class=\"elementor-element elementor-element-243dc18 elementor-widget elementor-widget-text-editor\" data-id=\"243dc18\" data-element_type=\"widget\" data-widget_type=\"text-editor.default\">\n\t\t\t\t<div class=\"elementor-widget-container\">\n\t\t\t\t\t\t\t\t\t<p>La amplia gama de servicios de Simple Profit se puede personalizar y adaptar a las necesidades espec\u00edficas de su hotel y negocio<\/p>\t\t\t\t\t\t\t\t<\/div>\n\t\t\t\t<\/div>\n\t\t\t\t\t<\/div>\n\t\t<\/div>\n\t\t\t\t\t<\/div>\n\t\t<\/section>\n\t\t\t\t<section class=\"elementor-section elementor-top-section elementor-element elementor-element-a1f4d47 service-icons elementor-section-full_width elementor-section-height-default elementor-section-height-default\" data-id=\"a1f4d47\" data-element_type=\"section\">\n\t\t\t\t\t\t<div class=\"elementor-container elementor-column-gap-default\">\n\t\t\t\t\t<div class=\"elementor-column elementor-col-50 elementor-top-column elementor-element elementor-element-262caf2\" data-id=\"262caf2\" data-element_type=\"column\">\n\t\t\t<div class=\"elementor-widget-wrap elementor-element-populated\">\n\t\t\t\t\t\t<div class=\"elementor-element elementor-element-176c9c3 elementor-position-left elementor-vertical-align-top elementor-widget elementor-widget-image-box\" data-id=\"176c9c3\" data-element_type=\"widget\" data-widget_type=\"image-box.default\">\n\t\t\t\t<div class=\"elementor-widget-container\">\n\t\t\t\t\t<div class=\"elementor-image-box-wrapper\"><figure class=\"elementor-image-box-img\"><img decoding=\"async\" src=\"https:\/\/www.simpleprofit.it\/wp-content\/uploads\/2021\/02\/invalid-name-4.svg\" class=\"attachment-full size-full wp-image-99\" alt=\"\" \/><\/figure><div class=\"elementor-image-box-content\"><h3 class=\"elementor-image-box-title\">Motor de reservas<\/h3><p class=\"elementor-image-box-description\">Aumente su tasa de conversi\u00f3n con una interfaz de reserva de \u00faltima generaci\u00f3n creada por Simple Booking que presta servicios a m\u00e1s de 4000 hoteles en todo el mundo. Elegante, r\u00e1pido y f\u00e1cil de usar, nuestro motor de reservas es compatible con todos los dispositivos de escritorio y m\u00f3viles y ofrece disponibilidad de habitaciones de hotel en tiempo real, ofertas especiales, oportunidades de paquetes y experiencias para aumentar las ventas, ofertas geolocalizadas, un sistema de descuento avanzado y m\u00e1s. <br>\n<a href=\"\/es\/services\/simple-booking\/\">Descubrir m\u00e1s <\/a>\n<\/p><\/div><\/div>\t\t\t\t<\/div>\n\t\t\t\t<\/div>\n\t\t\t\t<div class=\"elementor-element elementor-element-0f16a48 elementor-position-left elementor-vertical-align-top elementor-widget elementor-widget-image-box\" data-id=\"0f16a48\" data-element_type=\"widget\" id=\"sem\" data-widget_type=\"image-box.default\">\n\t\t\t\t<div class=\"elementor-widget-container\">\n\t\t\t\t\t<div class=\"elementor-image-box-wrapper\"><figure class=\"elementor-image-box-img\"><img decoding=\"async\" src=\"https:\/\/www.simpleprofit.it\/wp-content\/uploads\/2021\/02\/invalid-name-6.svg\" class=\"attachment-full size-full wp-image-103\" alt=\"\" \/><\/figure><div class=\"elementor-image-box-content\"><h3 class=\"elementor-image-box-title\">Marketing de motores de b\u00fasqueda<\/h3><p class=\"elementor-image-box-description\">Optimice su costo por clic con las campa\u00f1as de Google Adwords y Bing.com que resultan en una forma econ\u00f3micamente viable y medible de promocionar su hotel y atraer nuevos negocios.<\/p><\/div><\/div>\t\t\t\t<\/div>\n\t\t\t\t<\/div>\n\t\t\t\t<div class=\"elementor-element elementor-element-67905f8 elementor-position-left elementor-vertical-align-top elementor-widget elementor-widget-image-box\" data-id=\"67905f8\" data-element_type=\"widget\" id=\"homepage\" data-widget_type=\"image-box.default\">\n\t\t\t\t<div class=\"elementor-widget-container\">\n\t\t\t\t\t<div class=\"elementor-image-box-wrapper\"><figure class=\"elementor-image-box-img\"><img decoding=\"async\" src=\"https:\/\/www.simpleprofit.it\/wp-content\/uploads\/2021\/02\/invalid-name-8.svg\" class=\"attachment-full size-full wp-image-107\" alt=\"\" \/><\/figure><div class=\"elementor-image-box-content\"><h3 class=\"elementor-image-box-title\">Optimizaci\u00f3n de la p\u00e1gina de inicio<\/h3><p class=\"elementor-image-box-description\">Nuestras tecnolog\u00edas exclusivas de UX y UI son compatibles con dispositivos m\u00f3viles y de escritorio y est\u00e1n dise\u00f1adas para una experiencia de usuario fluida y impecable que impulsa y aumenta las reservas directas. Entre nuestras tecnolog\u00edas integradas en su p\u00e1gina de inicio se incluyen el soporte al cliente de LiveChat las 24 horas, los 7 d\u00edas de la semana, los mensajes Pop-up automatizados y las soluciones de accesibilidad.<\/p><\/div><\/div>\t\t\t\t<\/div>\n\t\t\t\t<\/div>\n\t\t\t\t<div class=\"elementor-element elementor-element-b0ab0da elementor-position-left elementor-vertical-align-top elementor-widget elementor-widget-image-box\" data-id=\"b0ab0da\" data-element_type=\"widget\" id=\"social\" data-widget_type=\"image-box.default\">\n\t\t\t\t<div class=\"elementor-widget-container\">\n\t\t\t\t\t<div class=\"elementor-image-box-wrapper\"><figure class=\"elementor-image-box-img\"><img decoding=\"async\" src=\"https:\/\/www.simpleprofit.it\/wp-content\/uploads\/2021\/02\/invalid-name-10.svg\" class=\"attachment-full size-full wp-image-111\" alt=\"\" \/><\/figure><div class=\"elementor-image-box-content\"><h3 class=\"elementor-image-box-title\">Redes sociales<\/h3><p class=\"elementor-image-box-description\">Nuestro equipo interno de expertos en redes sociales crea una estrategia personalizada para cada uno de nuestros clientes hoteleros, comenzando con la audiencia y los objetivos para crear contenido original, gesti\u00f3n de plataformas y estrategias de publicaci\u00f3n, participaci\u00f3n de la audiencia y seguimiento de clientes que conducen a un nuevo inter\u00e9s y reservas directas para nuestros clientes hoteleros.<\/p><\/div><\/div>\t\t\t\t<\/div>\n\t\t\t\t<\/div>\n\t\t\t\t\t<\/div>\n\t\t<\/div>\n\t\t\t\t<div class=\"elementor-column elementor-col-50 elementor-top-column elementor-element elementor-element-a2e17df\" data-id=\"a2e17df\" data-element_type=\"column\">\n\t\t\t<div class=\"elementor-widget-wrap elementor-element-populated\">\n\t\t\t\t\t\t<div class=\"elementor-element elementor-element-ffbed0d elementor-position-left elementor-vertical-align-top elementor-widget elementor-widget-image-box\" data-id=\"ffbed0d\" data-element_type=\"widget\" id=\"meta\" data-widget_type=\"image-box.default\">\n\t\t\t\t<div class=\"elementor-widget-container\">\n\t\t\t\t\t<div class=\"elementor-image-box-wrapper\"><figure class=\"elementor-image-box-img\"><img decoding=\"async\" src=\"https:\/\/www.simpleprofit.it\/wp-content\/uploads\/2021\/02\/invalid-name-5.svg\" class=\"attachment-full size-full wp-image-101\" alt=\"\" \/><\/figure><div class=\"elementor-image-box-content\"><h3 class=\"elementor-image-box-title\">Integraci\u00f3n y gesti\u00f3n de metab\u00fasqueda   <\/h3><p class=\"elementor-image-box-description\">Capturando y optimizando su aumento en el tr\u00e1fico digital, Simple Profit administra activamente su presencia en MetaSearch para maximizar su retorno de la inversi\u00f3n en las principales plataformas: Google Hotel Ads, TripAdvisor y Trivago.<\/p><\/div><\/div>\t\t\t\t<\/div>\n\t\t\t\t<\/div>\n\t\t\t\t<div class=\"elementor-element elementor-element-6950686 elementor-position-left elementor-vertical-align-top elementor-widget elementor-widget-image-box\" data-id=\"6950686\" data-element_type=\"widget\" id=\"upgrading\" data-widget_type=\"image-box.default\">\n\t\t\t\t<div class=\"elementor-widget-container\">\n\t\t\t\t\t<div class=\"elementor-image-box-wrapper\"><figure class=\"elementor-image-box-img\"><img decoding=\"async\" src=\"https:\/\/www.simpleprofit.it\/wp-content\/uploads\/2021\/02\/invalid-name-7.svg\" class=\"attachment-full size-full wp-image-105\" alt=\"\" \/><\/figure><div class=\"elementor-image-box-content\"><h3 class=\"elementor-image-box-title\">Automatic Room Upgrading<\/h3><p class=\"elementor-image-box-description\">Selling room upgrades to the highest bidder with real-time AI Based inventory optimization platform according to availability, season and starting rates.<\/p><\/div><\/div>\t\t\t\t<\/div>\n\t\t\t\t<\/div>\n\t\t\t\t<div class=\"elementor-element elementor-element-ed574d0 elementor-position-left elementor-vertical-align-top elementor-widget elementor-widget-image-box\" data-id=\"ed574d0\" data-element_type=\"widget\" id=\"seo\" data-widget_type=\"image-box.default\">\n\t\t\t\t<div class=\"elementor-widget-container\">\n\t\t\t\t\t<div class=\"elementor-image-box-wrapper\"><figure class=\"elementor-image-box-img\"><img decoding=\"async\" src=\"https:\/\/www.simpleprofit.it\/wp-content\/uploads\/2021\/02\/invalid-name-9.svg\" class=\"attachment-full size-full wp-image-109\" alt=\"\" \/><\/figure><div class=\"elementor-image-box-content\"><h3 class=\"elementor-image-box-title\">Optimizaci\u00f3n de motores de b\u00fasqueda<\/h3><p class=\"elementor-image-box-description\">Dirigiendo su inversi\u00f3n a las herramientas m\u00e1s eficientes y \u00fatiles, estamos capacitados para crear una mayor visibilidad y resultados de b\u00fasqueda para nuestros clientes hoteleros en todo el mundo. Trabajamos con nuestros clientes para identificar palabras clave y frases relacionadas con las necesidades e intereses del hu\u00e9sped directos de un hotel, mientras exploramos nuevas posibilidades de audiencia para generar nuevas corrientes de negocios. Estas palabras clave maximizan la visibilidad y dan como resultado un aumento en el tr\u00e1fico directo al sitio web de su hotel.<\/p><\/div><\/div>\t\t\t\t<\/div>\n\t\t\t\t<\/div>\n\t\t\t\t<div class=\"elementor-element elementor-element-807f831 elementor-position-left elementor-vertical-align-top elementor-widget elementor-widget-image-box\" data-id=\"807f831\" data-element_type=\"widget\" id=\"bi\" data-widget_type=\"image-box.default\">\n\t\t\t\t<div class=\"elementor-widget-container\">\n\t\t\t\t\t<div class=\"elementor-image-box-wrapper\"><figure class=\"elementor-image-box-img\"><img decoding=\"async\" src=\"https:\/\/www.simpleprofit.it\/wp-content\/uploads\/2021\/02\/invalid-name-11.svg\" class=\"attachment-full size-full wp-image-113\" alt=\"\" \/><\/figure><div class=\"elementor-image-box-content\"><h3 class=\"elementor-image-box-title\">Soluciones de BI<\/h3><p class=\"elementor-image-box-description\">Simple Profit ofrece integraci\u00f3n funcional de Google Analytics y paneles de informes comerciales en tiempo real para mantener a nuestros clientes en sinton\u00eda con los aumentos inmediatos de ingresos en sus hoteles. Nuestras herramientas de informes rastrean datos y estad\u00edsticas importantes sobre el tr\u00e1fico de usuarios, la retenci\u00f3n comercial, la geolocalizaci\u00f3n, el comportamiento de recogida y los pron\u00f3sticos para negocios futuros.<\/p><\/div><\/div>\t\t\t\t<\/div>\n\t\t\t\t<\/div>\n\t\t\t\t\t<\/div>\n\t\t<\/div>\n\t\t\t\t\t<\/div>\n\t\t<\/section>\n\t\t\t\t<\/div>\n\t\t","protected":false},"excerpt":{"rendered":"<p>Aumenta tu . . . Beneficio , Retenci\u00f3n de Clientes, Eficiencia, Clasificaci\u00f3n de Google, Tr\u00e1fico directo del sito web La amplia gama de servicios de Simple Profit se puede personalizar y adaptar a las necesidades espec\u00edficas de su hotel y negocio Motor de reservas Aumente su tasa de conversi\u00f3n con una interfaz de reserva de [&hellip;]<\/p>\n","protected":false},"author":2,"featured_media":0,"parent":0,"menu_order":0,"comment_status":"closed","ping_status":"closed","template":"elementor_header_footer","meta":{"footnotes":""},"yoast_head":"<!-- This site is optimized with the Yoast SEO plugin v21.1 - https:\/\/yoast.com\/wordpress\/plugins\/seo\/ -->\n<title>Servicios - Simple Profit<\/title>\n<meta name=\"robots\" content=\"index, follow, max-snippet:-1, max-image-preview:large, max-video-preview:-1\" \/>\n<link rel=\"canonical\" href=\"https:\/\/www.simpleprofit.it\/services\/\" \/>\n<meta property=\"og:locale\" content=\"es_ES\" \/>\n<meta property=\"og:type\" content=\"article\" \/>\n<meta property=\"og:title\" content=\"Servicios - Simple Profit\" \/>\n<meta property=\"og:description\" content=\"Aumenta tu . . . Beneficio , Retenci\u00f3n de Clientes, Eficiencia, Clasificaci\u00f3n de Google, Tr\u00e1fico directo del sito web La amplia gama de servicios de Simple Profit se puede personalizar y adaptar a las necesidades espec\u00edficas de su hotel y negocio Motor de reservas Aumente su tasa de conversi\u00f3n con una interfaz de reserva de [&hellip;]\" \/>\n<meta property=\"og:url\" content=\"https:\/\/www.simpleprofit.it\/services\/\" \/>\n<meta property=\"og:site_name\" content=\"Simple Profit\" \/>\n<meta property=\"article:modified_time\" content=\"2022-08-29T13:48:15+00:00\" \/>\n<meta property=\"og:image\" content=\"https:\/\/www.simpleprofit.it\/wp-content\/uploads\/2021\/02\/invalid-name-4.svg\" \/>\n<meta name=\"twitter:card\" content=\"summary_large_image\" \/>\n<meta name=\"twitter:label1\" content=\"Tiempo de lectura\" \/>\n\t<meta name=\"twitter:data1\" content=\"4 minutos\" \/>\n<script type=\"application\/ld+json\" class=\"yoast-schema-graph\">{\"@context\":\"https:\/\/schema.org\",\"@graph\":[{\"@type\":\"WebPage\",\"@id\":\"https:\/\/www.simpleprofit.it\/services\/\",\"url\":\"https:\/\/www.simpleprofit.it\/services\/\",\"name\":\"Servicios - Simple Profit\",\"isPartOf\":{\"@id\":\"https:\/\/www.simpleprofit.it\/he\/#website\"},\"datePublished\":\"2022-08-29T09:23:48+00:00\",\"dateModified\":\"2022-08-29T13:48:15+00:00\",\"breadcrumb\":{\"@id\":\"https:\/\/www.simpleprofit.it\/services\/#breadcrumb\"},\"inLanguage\":\"es\",\"potentialAction\":[{\"@type\":\"ReadAction\",\"target\":[\"https:\/\/www.simpleprofit.it\/services\/\"]}]},{\"@type\":\"BreadcrumbList\",\"@id\":\"https:\/\/www.simpleprofit.it\/services\/#breadcrumb\",\"itemListElement\":[{\"@type\":\"ListItem\",\"position\":1,\"name\":\"Home\",\"item\":\"https:\/\/www.simpleprofit.it\/es\/\"},{\"@type\":\"ListItem\",\"position\":2,\"name\":\"Servicios\"}]},{\"@type\":\"WebSite\",\"@id\":\"https:\/\/www.simpleprofit.it\/he\/#website\",\"url\":\"https:\/\/www.simpleprofit.it\/he\/\",\"name\":\"Simple Profit\",\"description\":\"simpleprofit\",\"publisher\":{\"@id\":\"https:\/\/www.simpleprofit.it\/he\/#organization\"},\"potentialAction\":[{\"@type\":\"SearchAction\",\"target\":{\"@type\":\"EntryPoint\",\"urlTemplate\":\"https:\/\/www.simpleprofit.it\/he\/?s={search_term_string}\"},\"query-input\":\"required name=search_term_string\"}],\"inLanguage\":\"es\"},{\"@type\":\"Organization\",\"@id\":\"https:\/\/www.simpleprofit.it\/he\/#organization\",\"name\":\"Simple Profit\",\"url\":\"https:\/\/www.simpleprofit.it\/he\/\",\"logo\":{\"@type\":\"ImageObject\",\"inLanguage\":\"es\",\"@id\":\"https:\/\/www.simpleprofit.it\/he\/#\/schema\/logo\/image\/\",\"url\":\"https:\/\/www.simpleprofit.it\/wp-content\/uploads\/2021\/02\/cropped-SP-Favicon.png\",\"contentUrl\":\"https:\/\/www.simpleprofit.it\/wp-content\/uploads\/2021\/02\/cropped-SP-Favicon.png\",\"width\":512,\"height\":390,\"caption\":\"Simple Profit\"},\"image\":{\"@id\":\"https:\/\/www.simpleprofit.it\/he\/#\/schema\/logo\/image\/\"}}]}<\/script>\n<!-- \/ Yoast SEO plugin. -->","yoast_head_json":{"title":"Servicios - Simple Profit","robots":{"index":"index","follow":"follow","max-snippet":"max-snippet:-1","max-image-preview":"max-image-preview:large","max-video-preview":"max-video-preview:-1"},"canonical":"https:\/\/www.simpleprofit.it\/services\/","og_locale":"es_ES","og_type":"article","og_title":"Servicios - Simple Profit","og_description":"Aumenta tu . . . Beneficio , Retenci\u00f3n de Clientes, Eficiencia, Clasificaci\u00f3n de Google, Tr\u00e1fico directo del sito web La amplia gama de servicios de Simple Profit se puede personalizar y adaptar a las necesidades espec\u00edficas de su hotel y negocio Motor de reservas Aumente su tasa de conversi\u00f3n con una interfaz de reserva de [&hellip;]","og_url":"https:\/\/www.simpleprofit.it\/services\/","og_site_name":"Simple Profit","article_modified_time":"2022-08-29T13:48:15+00:00","og_image":[{"url":"https:\/\/www.simpleprofit.it\/wp-content\/uploads\/2021\/02\/invalid-name-4.svg"}],"twitter_card":"summary_large_image","twitter_misc":{"Tiempo de lectura":"4 minutos"},"schema":{"@context":"https:\/\/schema.org","@graph":[{"@type":"WebPage","@id":"https:\/\/www.simpleprofit.it\/services\/","url":"https:\/\/www.simpleprofit.it\/services\/","name":"Servicios - Simple Profit","isPartOf":{"@id":"https:\/\/www.simpleprofit.it\/he\/#website"},"datePublished":"2022-08-29T09:23:48+00:00","dateModified":"2022-08-29T13:48:15+00:00","breadcrumb":{"@id":"https:\/\/www.simpleprofit.it\/services\/#breadcrumb"},"inLanguage":"es","potentialAction":[{"@type":"ReadAction","target":["https:\/\/www.simpleprofit.it\/services\/"]}]},{"@type":"BreadcrumbList","@id":"https:\/\/www.simpleprofit.it\/services\/#breadcrumb","itemListElement":[{"@type":"ListItem","position":1,"name":"Home","item":"https:\/\/www.simpleprofit.it\/es\/"},{"@type":"ListItem","position":2,"name":"Servicios"}]},{"@type":"WebSite","@id":"https:\/\/www.simpleprofit.it\/he\/#website","url":"https:\/\/www.simpleprofit.it\/he\/","name":"Simple Profit","description":"simpleprofit","publisher":{"@id":"https:\/\/www.simpleprofit.it\/he\/#organization"},"potentialAction":[{"@type":"SearchAction","target":{"@type":"EntryPoint","urlTemplate":"https:\/\/www.simpleprofit.it\/he\/?s={search_term_string}"},"query-input":"required name=search_term_string"}],"inLanguage":"es"},{"@type":"Organization","@id":"https:\/\/www.simpleprofit.it\/he\/#organization","name":"Simple Profit","url":"https:\/\/www.simpleprofit.it\/he\/","logo":{"@type":"ImageObject","inLanguage":"es","@id":"https:\/\/www.simpleprofit.it\/he\/#\/schema\/logo\/image\/","url":"https:\/\/www.simpleprofit.it\/wp-content\/uploads\/2021\/02\/cropped-SP-Favicon.png","contentUrl":"https:\/\/www.simpleprofit.it\/wp-content\/uploads\/2021\/02\/cropped-SP-Favicon.png","width":512,"height":390,"caption":"Simple Profit"},"image":{"@id":"https:\/\/www.simpleprofit.it\/he\/#\/schema\/logo\/image\/"}}]}},"_links":{"self":[{"href":"https:\/\/www.simpleprofit.it\/es\/wp-json\/wp\/v2\/pages\/2527"}],"collection":[{"href":"https:\/\/www.simpleprofit.it\/es\/wp-json\/wp\/v2\/pages"}],"about":[{"href":"https:\/\/www.simpleprofit.it\/es\/wp-json\/wp\/v2\/types\/page"}],"author":[{"embeddable":true,"href":"https:\/\/www.simpleprofit.it\/es\/wp-json\/wp\/v2\/users\/2"}],"replies":[{"embeddable":true,"href":"https:\/\/www.simpleprofit.it\/es\/wp-json\/wp\/v2\/comments?post=2527"}],"version-history":[{"count":25,"href":"https:\/\/www.simpleprofit.it\/es\/wp-json\/wp\/v2\/pages\/2527\/revisions"}],"predecessor-version":[{"id":2555,"href":"https:\/\/www.simpleprofit.it\/es\/wp-json\/wp\/v2\/pages\/2527\/revisions\/2555"}],"wp:attachment":[{"href":"https:\/\/www.simpleprofit.it\/es\/wp-json\/wp\/v2\/media?parent=2527"}],"curies":[{"name":"wp","href":"https:\/\/api.w.org\/{rel}","templated":true}]}}